{"id":1121,"date":"2022-09-01T13:31:20","date_gmt":"2022-09-01T16:31:20","guid":{"rendered":"https:\/\/milamgmt.com\/?page_id=1121"},"modified":"2022-09-01T13:32:23","modified_gmt":"2022-09-01T16:32:23","slug":"sobre","status":"publish","type":"page","link":"https:\/\/milamgmt.com\/en\/sobre\/","title":{"rendered":"About"},"content":{"rendered":"<div data-elementor-type=\"wp-page\" data-elementor-id=\"1121\" class=\"elementor elementor-1121\">\n\t\t\t\t\t\t\t\t\t<section class=\"elementor-section elementor-top-section elementor-element elementor-element-6442a6c elementor-section-boxed elementor-section-height-default elementor-section-height-default\" data-id=\"6442a6c\" data-element_type=\"section\" data-settings=\"{&quot;jet_parallax_layout_list&quot;:[]}\">\n\t\t\t\t\t\t<div class=\"elementor-container elementor-column-gap-default\">\n\t\t\t\t\t<div class=\"elementor-column elementor-col-100 elementor-top-column elementor-element elementor-element-7415ca9\" data-id=\"7415ca9\" data-element_type=\"column\">\n\t\t\t<div class=\"elementor-widget-wrap elementor-element-populated\">\n\t\t\t\t\t\t\t\t<div class=\"elementor-element elementor-element-da137b9 elementor-widget elementor-widget-heading\" data-id=\"da137b9\" data-element_type=\"widget\" data-widget_type=\"heading.default\">\n\t\t\t\t<div class=\"elementor-widget-container\">\n\t\t\t<style>\/*! elementor - v3.6.7 - 03-07-2022 *\/\n.elementor-heading-title{padding:0;margin:0;line-height:1}.elementor-widget-heading .elementor-heading-title[class*=elementor-size-]>a{color:inherit;font-size:inherit;line-height:inherit}.elementor-widget-heading .elementor-heading-title.elementor-size-small{font-size:15px}.elementor-widget-heading .elementor-heading-title.elementor-size-medium{font-size:19px}.elementor-widget-heading .elementor-heading-title.elementor-size-large{font-size:29px}.elementor-widget-heading .elementor-heading-title.elementor-size-xl{font-size:39px}.elementor-widget-heading .elementor-heading-title.elementor-size-xxl{font-size:59px}<\/style><h2 class=\"elementor-heading-title elementor-size-default\">We are the link between international agencies and amazing models\n<\/h2>\t\t<\/div>\n\t\t\t\t<\/div>\n\t\t\t\t<div class=\"elementor-element elementor-element-11fbc17 elementor-widget elementor-widget-text-editor\" data-id=\"11fbc17\" data-element_type=\"widget\" data-widget_type=\"text-editor.default\">\n\t\t\t\t<div class=\"elementor-widget-container\">\n\t\t\t<style>\/*! elementor - v3.6.7 - 03-07-2022 *\/\n.elementor-widget-text-editor.elementor-drop-cap-view-stacked .elementor-drop-cap{background-color:#818a91;color:#fff}.elementor-widget-text-editor.elementor-drop-cap-view-framed .elementor-drop-cap{color:#818a91;border:3px solid;background-color:transparent}.elementor-widget-text-editor:not(.elementor-drop-cap-view-default) .elementor-drop-cap{margin-top:8px}.elementor-widget-text-editor:not(.elementor-drop-cap-view-default) .elementor-drop-cap-letter{width:1em;height:1em}.elementor-widget-text-editor .elementor-drop-cap{float:left;text-align:center;line-height:1;font-size:50px}.elementor-widget-text-editor .elementor-drop-cap-letter{display:inline-block}<\/style>\t\t\t\t<p><span style=\"font-weight: 400;\">Mila MGMT is a boutique agency that works as a link between internacional agencies and our incredible models.<\/span><span style=\"font-weight: 400;\">.<\/span><span style=\"font-weight: 400;\"> Our diversity and versatility is a strong part of our DNA structure and is meant to connect international agencies with the perfect model to fullfill their clients\u00b4needs.<\/span><\/p><p><span style=\"font-weight: 400;\">Our agency has a vast internacional management experience and is specialized in scouting models. We are setting a record of crafting unknown models into household names. One of our main goals is to discover rough diamonds and prepare them to properly enter the fashion world.<\/span><\/p><p><span style=\"font-weight: 400;\">MILA MGMT is led by former model, Susan Lima, who has over 20-years model career and a vast working experience in over 7 different countries. Some of her remarkable contribuition into the fashion industry includes advertising campaigns, editorials, runways shows and catalogs for well known brands such as Calvin Klein, Ellus, Iodice, Ronaldo Fraga, Rosa Cha, Lino Villaventura, Cavaleira, Miu Miu, among many others. Susan also holds a Bachelor's degree in Fashion Design by FUMEC University.  Another one of her work achievements is as a CEO of Mila Talents, a model school that is known in the fashion industry for trainning and preparing new models to become real prodigies such as Luany Goes, Samira Heringer, Camille Reis, Carolina Mian, just to name a few.<\/span><\/p><p><span style=\"font-weight: 400;\">Susan along with her MILA MGMT team have as part of their mission the commitment to maintain a family style, but hands on approach in managing every model\u00b4s career all step of the way. \u201cWe take our mission extremelly serioulsy and we are committed in finding new faces, preparing them, and launching their careers internationally. We take pride in doing so in the most ethical, secure and professional way for all our models\u201d.<\/span><\/p>\t\t\t\t\t\t<\/div>\n\t\t\t\t<\/div>\n\t\t\t\t\t<\/div>\n\t\t<\/div>\n\t\t\t\t\t\t\t<\/div>\n\t\t<\/section>\n\t\t\t\t\t\t\t<\/div>","protected":false},"excerpt":{"rendered":"<p>Somos o elo entre ag\u00eancias internacionais e modelos incr\u00edveis A MILA MGMT \u00e9 uma ag\u00eancia boutique com diferentes perfis. A diversidade e versatilidade est\u00e3o justamente entre nossas principais caracter\u00edsticas, o que permite que ag\u00eancias internacionais encontrem na MILA MGMT, modelos ideais para seus clientes. Nossa ag\u00eancia \u00e9 especializada em scouting e tem ampla experi\u00eancia em [&hellip;]<\/p>","protected":false},"author":1,"featured_media":0,"parent":0,"menu_order":0,"comment_status":"closed","ping_status":"closed","template":"","meta":{"_joinchat":[]},"_links":{"self":[{"href":"https:\/\/milamgmt.com\/en\/wp-json\/wp\/v2\/pages\/1121"}],"collection":[{"href":"https:\/\/milamgmt.com\/en\/wp-json\/wp\/v2\/pages"}],"about":[{"href":"https:\/\/milamgmt.com\/en\/wp-json\/wp\/v2\/types\/page"}],"author":[{"embeddable":true,"href":"https:\/\/milamgmt.com\/en\/wp-json\/wp\/v2\/users\/1"}],"replies":[{"embeddable":true,"href":"https:\/\/milamgmt.com\/en\/wp-json\/wp\/v2\/comments?post=1121"}],"version-history":[{"count":0,"href":"https:\/\/milamgmt.com\/en\/wp-json\/wp\/v2\/pages\/1121\/revisions"}],"wp:attachment":[{"href":"https:\/\/milamgmt.com\/en\/wp-json\/wp\/v2\/media?parent=1121"}],"curies":[{"name":"wp","href":"https:\/\/api.w.org\/{rel}","templated":true}]}}